{"id":4302,"date":"2020-10-02T11:55:06","date_gmt":"2020-10-02T09:55:06","guid":{"rendered":"https:\/\/www.mesrideaux.fr\/blog\/?page_id=4302"},"modified":"2020-10-20T08:50:05","modified_gmt":"2020-10-20T06:50:05","slug":"mentions-legales","status":"publish","type":"page","link":"https:\/\/dev.mesrideaux.fr\/blog\/mentions-legales\/","title":{"rendered":"Mentions l\u00e9gales"},"content":{"rendered":"<div class=\"header_title_banner_description\">\n<p><span style=\"font-size: inherit; letter-spacing: 0em;\">\u00ab\u00a0Mesrideaux.com\u00a0\u00bb, Soci\u00e9t\u00e9 par Actions Simplifi\u00e9es (SAS) au capital de 73 860 \u20ac, dont le si\u00e8ge social est situ\u00e9 au 66, ave des Champs Elys\u00e9es \u2013 Lot 41 &#8211; 75008 Paris, T\u00e9l : +33 (0)1 42 56 31 92 est immatricul\u00e9e sous le num\u00e9ro RCS 512 947 771 Paris et est l\u2019\u00e9diteur du site internet www.mesrideaux.fr, r\u00e9alis\u00e9 par Wizzmedia et l\u2019Associ\u00e9 et h\u00e9berg\u00e9 par la soci\u00e9t\u00e9 Claranet 18-20 rue du Faubourg du Temple,75011 Paris &#8211; France.<\/span><\/p>\n<\/div>\n<div class=\"container--fluid container-faq\">\n<p dir=\"ltr\"><br class=\"kix-line-break\" \/>www.mesrideaux.fr est une \u0153uvre de l\u2019esprit prot\u00e9g\u00e9e par le code de la propri\u00e9t\u00e9 intellectuelle. Le site et chacun des \u00e9l\u00e9ments qui le composent sont la propri\u00e9t\u00e9 exclusive de la soci\u00e9t\u00e9 \u00ab\u00a0Mesrideaux.com\u00a0\u00bb. Toute reproduction ou repr\u00e9sentation, int\u00e9grale ou partielle, du site ou de l\u2019un quelconque des \u00e9l\u00e9ments qui le compose, est interdite de m\u00eame que leur alt\u00e9ration.<br class=\"kix-line-break\" \/><br class=\"kix-line-break\" \/>Les marques et noms de domaine qui apparaissent sur le site internet de\u00a0www.mesrideaux.fr\u00a0sont la propri\u00e9t\u00e9 exclusive de \u00ab\u00a0Mesrideaux.com\u00a0\u00bb ou de ses partenaires. Toute reproduction ou utilisation de ces marques ou noms de domaine, de quelque mani\u00e8re et \u00e0 quelque titre que ce soit, est interdite sans un accord pr\u00e9alable express et \u00e9crit de leurs propri\u00e9taires.<br class=\"kix-line-break\" \/><br class=\"kix-line-break\" \/>La cr\u00e9ation de liens hypertextes vers le site Internet de\u00a0www.mesrideaux.fr\u00a0ne peut \u00eatre faite qu\u2019avec l\u2019autorisation \u00e9crite et pr\u00e9alable de \u00ab\u00a0Mesrideaux.com\u00a0\u00bb qui d\u00e9cline toute responsabilit\u00e9 concernant le contenu de sites li\u00e9s au site internet\u00a0www.mesrideaux.fr<br class=\"kix-line-break\" \/><br class=\"kix-line-break\" \/>\u00ab\u00a0Mesrideaux.com\u00a0\u00bb est susceptible de collecter vos donn\u00e9es personnelles, dont elle est seule destinataire. Conform\u00e9ment \u00e0 la loi 78-17 du 6 janvier 1978 \u00ab Informatique et Libert\u00e9s \u00bb, le Client dispose \u00e0 tout moment d&rsquo;un droit d&rsquo;acc\u00e8s, de rectification, d\u2019opposition et de suppression de ses donn\u00e9es personnelles le concernant aupr\u00e8s de la Soci\u00e9t\u00e9. Pour exercer ce droit, il suffit de prendre contact avec le Service Clients de la soci\u00e9t\u00e9 ou d&rsquo;envoyer un courrier \u00e0 l\u2019adresse du si\u00e8ge ci-dessus ou par mail \u00e0\u00a0<a href=\"mailto:contact@mesRideaux.fr\">contact@mesrideaux.fr<br class=\"kix-line-break\" \/><\/a>\u00ab\u00a0Mesrideaux.com\u00a0\u00bb souhaite implanter un \u00ab cookie \u00bb dans votre ordinateur qui permettra de vous identifier. Un \u00ab cookie \u00bb enregistre des informations relatives \u00e0 la navigation de votre ordinateur sur le site internet\u00a0www.mesrideaux.fr\u00a0comme par exemple les pages que vous avez consult\u00e9es, la date, l\u2019heure de la consultation, etc&#8230; \u00ab\u00a0Mesrideaux.com\u00a0\u00bb vous rappelle que vous pouvez vous opposer \u00e0 l\u2019enregistrement de \u00ab cookie \u00bb en configurant votre ordinateur dans ce sens.<br class=\"kix-line-break\" \/><br class=\"kix-line-break\" \/>\u00ab\u00a0Mesrideaux.com\u00a0\u00bb fait tout son possible pour s\u2019assurer que les informations accessibles par l\u2019interm\u00e9diaire de son site internet <a href=\"https:\/\/www.mesrideaux.fr\">www.mesrideaux.fr<\/a> soient exactes. Cependant, elle ne garantit en aucune mani\u00e8re que ces informations soient compl\u00e8tes et \u00e0 jour. \u00ab\u00a0Mesrideaux.com\u00a0\u00bb n\u2019assure aucune garantie, expresse ou tacite, concernant l\u2019ensemble ou une partie de son site internet www.mesrideaux.fr<\/p>\n<p dir=\"ltr\">En aucun cas, \u00ab\u00a0Mesrideaux.com\u00a0\u00bb ne peut \u00eatre tenue pour responsable d\u2019un quelconque dommage direct ou indirect, qu\u2019elle qu\u2019en soit la nature, d\u00e9coulant de l\u2019utilisation de son site internet.<br class=\"kix-line-break\" \/><br class=\"kix-line-break\" \/>EN UTILISANT CE SITE, VOUS DECLAREZ COMPRENDRE ET ACCEPTER LES TERMES CI-DESSUS.<\/p>\n<\/div>\n","protected":false},"excerpt":{"rendered":"<p>\u00ab\u00a0Mesrideaux.com\u00a0\u00bb, Soci\u00e9t\u00e9 par Actions Simplifi\u00e9es (SAS) au capital de 73 860 \u20ac, dont le si\u00e8ge social est situ\u00e9 au 66, ave des Champs Elys\u00e9es \u2013 Lot 41 &#8211; 75008 Paris, T\u00e9l : +33 (0)1 42 56 31 92 est immatricul\u00e9e sous le num\u00e9ro RCS 512 947 771 Paris et est l\u2019\u00e9diteur du site internet www.mesrideaux.fr, r\u00e9alis\u00e9 par Wizzmedia et l\u2019Associ\u00e9 et h\u00e9berg\u00e9 par la soci\u00e9t\u00e9 Claranet 18-20 rue du Faubourg du Temple,75011 Paris &#8211; France. www.mesrideaux.fr est une \u0153uvre de [&hellip;]<\/p>\n","protected":false},"author":1,"featured_media":0,"parent":0,"menu_order":0,"comment_status":"closed","ping_status":"closed","template":"","meta":{"_acf_changed":false,"inline_featured_image":false,"footnotes":""},"class_list":["post-4302","page","type-page","status-publish","hentry"],"yoast_head":"<!-- This site is optimized with the Yoast SEO plugin v26.1.1 - https:\/\/yoast.com\/wordpress\/plugins\/seo\/ -->\n<title>Mentions l\u00e9gales - Mes Rideaux Blog<\/title>\n<meta name=\"robots\" content=\"index, follow, max-snippet:-1, max-image-preview:large, max-video-preview:-1\" \/>\n<link rel=\"canonical\" href=\"https:\/\/dev.mesrideaux.fr\/blog\/mentions-legales\/\" \/>\n<meta property=\"og:locale\" content=\"fr_FR\" \/>\n<meta property=\"og:type\" content=\"article\" \/>\n<meta property=\"og:title\" content=\"Mentions l\u00e9gales - Mes Rideaux Blog\" \/>\n<meta property=\"og:description\" content=\"\u00ab\u00a0Mesrideaux.com\u00a0\u00bb, Soci\u00e9t\u00e9 par Actions Simplifi\u00e9es (SAS) au capital de 73 860 \u20ac, dont le si\u00e8ge social est situ\u00e9 au 66, ave des Champs Elys\u00e9es \u2013 Lot 41 &#8211; 75008 Paris, T\u00e9l : +33 (0)1 42 56 31 92 est immatricul\u00e9e sous le num\u00e9ro RCS 512 947 771 Paris et est l\u2019\u00e9diteur du site internet www.mesrideaux.fr, r\u00e9alis\u00e9 par Wizzmedia et l\u2019Associ\u00e9 et h\u00e9berg\u00e9 par la soci\u00e9t\u00e9 Claranet 18-20 rue du Faubourg du Temple,75011 Paris &#8211; France. www.mesrideaux.fr est une \u0153uvre de [&hellip;]\" \/>\n<meta property=\"og:url\" content=\"https:\/\/dev.mesrideaux.fr\/blog\/mentions-legales\/\" \/>\n<meta property=\"og:site_name\" content=\"Mes Rideaux Blog\" \/>\n<meta property=\"article:modified_time\" content=\"2020-10-20T06:50:05+00:00\" \/>\n<meta name=\"twitter:card\" content=\"summary_large_image\" \/>\n<meta name=\"twitter:label1\" content=\"Est. reading time\" \/>\n\t<meta name=\"twitter:data1\" content=\"3 minutes\" \/>\n<script type=\"application\/ld+json\" class=\"yoast-schema-graph\">{\"@context\":\"https:\/\/schema.org\",\"@graph\":[{\"@type\":\"WebPage\",\"@id\":\"https:\/\/dev.mesrideaux.fr\/blog\/mentions-legales\/\",\"url\":\"https:\/\/dev.mesrideaux.fr\/blog\/mentions-legales\/\",\"name\":\"Mentions l\u00e9gales - Mes Rideaux Blog\",\"isPartOf\":{\"@id\":\"https:\/\/dev.mesrideaux.fr\/blog\/#website\"},\"datePublished\":\"2020-10-02T09:55:06+00:00\",\"dateModified\":\"2020-10-20T06:50:05+00:00\",\"breadcrumb\":{\"@id\":\"https:\/\/dev.mesrideaux.fr\/blog\/mentions-legales\/#breadcrumb\"},\"inLanguage\":\"fr-FR\",\"potentialAction\":[{\"@type\":\"ReadAction\",\"target\":[\"https:\/\/dev.mesrideaux.fr\/blog\/mentions-legales\/\"]}]},{\"@type\":\"BreadcrumbList\",\"@id\":\"https:\/\/dev.mesrideaux.fr\/blog\/mentions-legales\/#breadcrumb\",\"itemListElement\":[{\"@type\":\"ListItem\",\"position\":1,\"name\":\"Home\",\"item\":\"https:\/\/dev.mesrideaux.fr\/blog\/\"},{\"@type\":\"ListItem\",\"position\":2,\"name\":\"Mentions l\u00e9gales\"}]},{\"@type\":\"WebSite\",\"@id\":\"https:\/\/dev.mesrideaux.fr\/blog\/#website\",\"url\":\"https:\/\/dev.mesrideaux.fr\/blog\/\",\"name\":\"Mes Rideaux Blog\",\"description\":\"Un site utilisant WordPress\",\"potentialAction\":[{\"@type\":\"SearchAction\",\"target\":{\"@type\":\"EntryPoint\",\"urlTemplate\":\"https:\/\/dev.mesrideaux.fr\/blog\/?s={search_term_string}\"},\"query-input\":{\"@type\":\"PropertyValueSpecification\",\"valueRequired\":true,\"valueName\":\"search_term_string\"}}],\"inLanguage\":\"fr-FR\"}]}<\/script>\n<!-- \/ Yoast SEO plugin. -->","yoast_head_json":{"title":"Mentions l\u00e9gales - Mes Rideaux Blog","robots":{"index":"index","follow":"follow","max-snippet":"max-snippet:-1","max-image-preview":"max-image-preview:large","max-video-preview":"max-video-preview:-1"},"canonical":"https:\/\/dev.mesrideaux.fr\/blog\/mentions-legales\/","og_locale":"fr_FR","og_type":"article","og_title":"Mentions l\u00e9gales - Mes Rideaux Blog","og_description":"\u00ab\u00a0Mesrideaux.com\u00a0\u00bb, Soci\u00e9t\u00e9 par Actions Simplifi\u00e9es (SAS) au capital de 73 860 \u20ac, dont le si\u00e8ge social est situ\u00e9 au 66, ave des Champs Elys\u00e9es \u2013 Lot 41 &#8211; 75008 Paris, T\u00e9l : +33 (0)1 42 56 31 92 est immatricul\u00e9e sous le num\u00e9ro RCS 512 947 771 Paris et est l\u2019\u00e9diteur du site internet www.mesrideaux.fr, r\u00e9alis\u00e9 par Wizzmedia et l\u2019Associ\u00e9 et h\u00e9berg\u00e9 par la soci\u00e9t\u00e9 Claranet 18-20 rue du Faubourg du Temple,75011 Paris &#8211; France. www.mesrideaux.fr est une \u0153uvre de [&hellip;]","og_url":"https:\/\/dev.mesrideaux.fr\/blog\/mentions-legales\/","og_site_name":"Mes Rideaux Blog","article_modified_time":"2020-10-20T06:50:05+00:00","twitter_card":"summary_large_image","twitter_misc":{"Est. reading time":"3 minutes"},"schema":{"@context":"https:\/\/schema.org","@graph":[{"@type":"WebPage","@id":"https:\/\/dev.mesrideaux.fr\/blog\/mentions-legales\/","url":"https:\/\/dev.mesrideaux.fr\/blog\/mentions-legales\/","name":"Mentions l\u00e9gales - Mes Rideaux Blog","isPartOf":{"@id":"https:\/\/dev.mesrideaux.fr\/blog\/#website"},"datePublished":"2020-10-02T09:55:06+00:00","dateModified":"2020-10-20T06:50:05+00:00","breadcrumb":{"@id":"https:\/\/dev.mesrideaux.fr\/blog\/mentions-legales\/#breadcrumb"},"inLanguage":"fr-FR","potentialAction":[{"@type":"ReadAction","target":["https:\/\/dev.mesrideaux.fr\/blog\/mentions-legales\/"]}]},{"@type":"BreadcrumbList","@id":"https:\/\/dev.mesrideaux.fr\/blog\/mentions-legales\/#breadcrumb","itemListElement":[{"@type":"ListItem","position":1,"name":"Home","item":"https:\/\/dev.mesrideaux.fr\/blog\/"},{"@type":"ListItem","position":2,"name":"Mentions l\u00e9gales"}]},{"@type":"WebSite","@id":"https:\/\/dev.mesrideaux.fr\/blog\/#website","url":"https:\/\/dev.mesrideaux.fr\/blog\/","name":"Mes Rideaux Blog","description":"Un site utilisant WordPress","potentialAction":[{"@type":"SearchAction","target":{"@type":"EntryPoint","urlTemplate":"https:\/\/dev.mesrideaux.fr\/blog\/?s={search_term_string}"},"query-input":{"@type":"PropertyValueSpecification","valueRequired":true,"valueName":"search_term_string"}}],"inLanguage":"fr-FR"}]}},"acf":[],"jetpack_sharing_enabled":true,"_links":{"self":[{"href":"https:\/\/dev.mesrideaux.fr\/blog\/wp-json\/wp\/v2\/pages\/4302","targetHints":{"allow":["GET"]}}],"collection":[{"href":"https:\/\/dev.mesrideaux.fr\/blog\/wp-json\/wp\/v2\/pages"}],"about":[{"href":"https:\/\/dev.mesrideaux.fr\/blog\/wp-json\/wp\/v2\/types\/page"}],"author":[{"embeddable":true,"href":"https:\/\/dev.mesrideaux.fr\/blog\/wp-json\/wp\/v2\/users\/1"}],"replies":[{"embeddable":true,"href":"https:\/\/dev.mesrideaux.fr\/blog\/wp-json\/wp\/v2\/comments?post=4302"}],"version-history":[{"count":4,"href":"https:\/\/dev.mesrideaux.fr\/blog\/wp-json\/wp\/v2\/pages\/4302\/revisions"}],"predecessor-version":[{"id":4345,"href":"https:\/\/dev.mesrideaux.fr\/blog\/wp-json\/wp\/v2\/pages\/4302\/revisions\/4345"}],"wp:attachment":[{"href":"https:\/\/dev.mesrideaux.fr\/blog\/wp-json\/wp\/v2\/media?parent=4302"}],"curies":[{"name":"wp","href":"https:\/\/api.w.org\/{rel}","templated":true}]}}