{"id":148,"date":"2018-08-24T15:26:58","date_gmt":"2018-08-24T15:26:58","guid":{"rendered":"https:\/\/demos.codetipi.com\/zeen-art\/?page_id=148"},"modified":"2020-11-04T17:28:30","modified_gmt":"2020-11-04T16:28:30","slug":"contact","status":"publish","type":"page","link":"https:\/\/dev.mesrideaux.fr\/blog\/contact\/","title":{"rendered":"Contact"},"content":{"rendered":"<p>Vous souhaitez des informations compl\u00e9mentaires sur un tissu, une confection ou tout simplement un conseil pour la prise de mesures ou le choix de la finition ?<\/p>\n<h3>Posez nous vos questions<\/h3>\n<p>Proximit\u00e9, \u00e9change, implication dans vos projets, assistance et conseils, sont nos valeurs et notre diff\u00e9rence.<\/p>\n\n<div class=\"wpcf7 no-js\" id=\"wpcf7-f4278-o1\" lang=\"fr-FR\" dir=\"ltr\" data-wpcf7-id=\"4278\">\n<div class=\"screen-reader-response\"><p role=\"status\" aria-live=\"polite\" aria-atomic=\"true\"><\/p> <ul><\/ul><\/div>\n<form action=\"\/blog\/wp-json\/wp\/v2\/pages\/148#wpcf7-f4278-o1\" method=\"post\" class=\"wpcf7-form init\" id=\"contact-form-blog\" aria-label=\"Contact form\" novalidate=\"novalidate\" data-status=\"init\">\n<fieldset class=\"hidden-fields-container\"><input type=\"hidden\" name=\"_wpcf7\" value=\"4278\" \/><input type=\"hidden\" name=\"_wpcf7_version\" value=\"6.1.2\" \/><input type=\"hidden\" name=\"_wpcf7_locale\" value=\"fr_FR\" \/><input type=\"hidden\" name=\"_wpcf7_unit_tag\" value=\"wpcf7-f4278-o1\" \/><input type=\"hidden\" name=\"_wpcf7_container_post\" value=\"0\" \/><input type=\"hidden\" name=\"_wpcf7_posted_data_hash\" value=\"\" \/><input type=\"hidden\" name=\"_wpcf7_recaptcha_response\" value=\"\" \/>\n<\/fieldset>\n<p>Votre nom (obligatoire)<br \/>\n    <span class=\"wpcf7-form-control-wrap\" data-name=\"your-name\"><input size=\"40\" maxlength=\"400\" class=\"wpcf7-form-control wpcf7-text wpcf7-validates-as-required\" aria-required=\"true\" aria-invalid=\"false\" value=\"\" type=\"text\" name=\"your-name\" \/><\/span> <\/p>\n\n<p>Votre email (obligatoire)<br \/>\n    <span class=\"wpcf7-form-control-wrap\" data-name=\"your-email\"><input size=\"40\" maxlength=\"400\" class=\"wpcf7-form-control wpcf7-email wpcf7-validates-as-required wpcf7-text wpcf7-validates-as-email\" aria-required=\"true\" aria-invalid=\"false\" value=\"\" type=\"email\" name=\"your-email\" \/><\/span> <\/p>\n\n<p>Sujet (obligatoire)<br \/>\n    <span class=\"wpcf7-form-control-wrap\" data-name=\"your-subject\"><input size=\"40\" maxlength=\"400\" class=\"wpcf7-form-control wpcf7-text wpcf7-validates-as-required\" aria-required=\"true\" aria-invalid=\"false\" value=\"\" type=\"text\" name=\"your-subject\" \/><\/span> <\/p>\n\n<p>Votre message (obligatoire)<br \/>\n    <span class=\"wpcf7-form-control-wrap\" data-name=\"your-message\"><textarea cols=\"40\" rows=\"10\" maxlength=\"2000\" class=\"wpcf7-form-control wpcf7-textarea wpcf7-validates-as-required\" aria-required=\"true\" aria-invalid=\"false\" name=\"your-message\"><\/textarea><\/span> <\/p>\n<br \/>\n    <span class=\"wpcf7-form-control-wrap\" data-name=\"rgpd\"><span class=\"wpcf7-form-control wpcf7-checkbox wpcf7-validates-as-required rgpd-form\"><span class=\"wpcf7-list-item first last\"><label><input type=\"checkbox\" name=\"rgpd[]\" value=\"En soumettant ce formulaire j&#039;accepte que les informations saisies soient utilis\u00e9es pour apporter une r\u00e9ponse par mail ou par t\u00e9l\u00e9phone a\u0300 ma demande.\" \/><span class=\"wpcf7-list-item-label\">En soumettant ce formulaire j&#039;accepte que les informations saisies soient utilis\u00e9es pour apporter une r\u00e9ponse par mail ou par t\u00e9l\u00e9phone a\u0300 ma demande.<\/span><\/label><\/span><\/span><\/span>\n\n\n<p><input class=\"wpcf7-form-control wpcf7-submit has-spinner\" type=\"submit\" value=\"Envoyer\" \/><\/p>\n\n<p>Pour connaitre et exercer vos droits concernant vos donn\u00e9es, veuillez <a href=\"\/politique-de-protection-des-donnees-personnelles\" target=\"_blanck\">consulter notre Politique de gestion des donn\u00e9es personnelles<\/a>. <\/p><div class=\"wpcf7-response-output\" aria-hidden=\"true\"><\/div>\n<\/form>\n<\/div>\n\n","protected":false},"excerpt":{"rendered":"<p>Vous souhaitez des informations compl\u00e9mentaires sur un tissu, une confection ou tout simplement un conseil pour la prise de mesures ou le choix de la finition ? Posez nous vos questions Proximit\u00e9, \u00e9change, implication dans vos projets, assistance et conseils, sont nos valeurs et notre diff\u00e9rence.<\/p>\n","protected":false},"author":1,"featured_media":3519,"parent":0,"menu_order":0,"comment_status":"closed","ping_status":"closed","template":"","meta":{"_acf_changed":false,"inline_featured_image":false,"footnotes":""},"class_list":["post-148","page","type-page","status-publish","has-post-thumbnail","hentry"],"yoast_head":"<!-- This site is optimized with the Yoast SEO plugin v26.1.1 - https:\/\/yoast.com\/wordpress\/plugins\/seo\/ -->\n<title>Contact - Mes Rideaux Blog<\/title>\n<meta name=\"robots\" content=\"index, follow, max-snippet:-1, max-image-preview:large, max-video-preview:-1\" \/>\n<link rel=\"canonical\" href=\"https:\/\/dev.mesrideaux.fr\/blog\/contact\/\" \/>\n<meta property=\"og:locale\" content=\"fr_FR\" \/>\n<meta property=\"og:type\" content=\"article\" \/>\n<meta property=\"og:title\" content=\"Contact - Mes Rideaux Blog\" \/>\n<meta property=\"og:description\" content=\"Vous souhaitez des informations compl\u00e9mentaires sur un tissu, une confection ou tout simplement un conseil pour la prise de mesures ou le choix de la finition ? Posez nous vos questions Proximit\u00e9, \u00e9change, implication dans vos projets, assistance et conseils, sont nos valeurs et notre diff\u00e9rence.\" \/>\n<meta property=\"og:url\" content=\"https:\/\/dev.mesrideaux.fr\/blog\/contact\/\" \/>\n<meta property=\"og:site_name\" content=\"Mes Rideaux Blog\" \/>\n<meta property=\"article:modified_time\" content=\"2020-11-04T16:28:30+00:00\" \/>\n<meta property=\"og:image\" content=\"https:\/\/dev.mesrideaux.fr\/blog\/wp-content\/uploads\/2020\/03\/Salon-large-scaled.jpg\" \/>\n\t<meta property=\"og:image:width\" content=\"2560\" \/>\n\t<meta property=\"og:image:height\" content=\"1695\" \/>\n\t<meta property=\"og:image:type\" content=\"image\/jpeg\" \/>\n<meta name=\"twitter:card\" content=\"summary_large_image\" \/>\n<script type=\"application\/ld+json\" class=\"yoast-schema-graph\">{\"@context\":\"https:\/\/schema.org\",\"@graph\":[{\"@type\":\"WebPage\",\"@id\":\"https:\/\/dev.mesrideaux.fr\/blog\/contact\/\",\"url\":\"https:\/\/dev.mesrideaux.fr\/blog\/contact\/\",\"name\":\"Contact - Mes Rideaux Blog\",\"isPartOf\":{\"@id\":\"https:\/\/dev.mesrideaux.fr\/blog\/#website\"},\"primaryImageOfPage\":{\"@id\":\"https:\/\/dev.mesrideaux.fr\/blog\/contact\/#primaryimage\"},\"image\":{\"@id\":\"https:\/\/dev.mesrideaux.fr\/blog\/contact\/#primaryimage\"},\"thumbnailUrl\":\"https:\/\/dev.mesrideaux.fr\/blog\/wp-content\/uploads\/2020\/03\/Salon-large-scaled.jpg\",\"datePublished\":\"2018-08-24T15:26:58+00:00\",\"dateModified\":\"2020-11-04T16:28:30+00:00\",\"breadcrumb\":{\"@id\":\"https:\/\/dev.mesrideaux.fr\/blog\/contact\/#breadcrumb\"},\"inLanguage\":\"fr-FR\",\"potentialAction\":[{\"@type\":\"ReadAction\",\"target\":[\"https:\/\/dev.mesrideaux.fr\/blog\/contact\/\"]}]},{\"@type\":\"ImageObject\",\"inLanguage\":\"fr-FR\",\"@id\":\"https:\/\/dev.mesrideaux.fr\/blog\/contact\/#primaryimage\",\"url\":\"https:\/\/dev.mesrideaux.fr\/blog\/wp-content\/uploads\/2020\/03\/Salon-large-scaled.jpg\",\"contentUrl\":\"https:\/\/dev.mesrideaux.fr\/blog\/wp-content\/uploads\/2020\/03\/Salon-large-scaled.jpg\",\"width\":2560,\"height\":1695,\"caption\":\"Photo d'un chantier d\u00e9co MesRideaux.fr\"},{\"@type\":\"BreadcrumbList\",\"@id\":\"https:\/\/dev.mesrideaux.fr\/blog\/contact\/#breadcrumb\",\"itemListElement\":[{\"@type\":\"ListItem\",\"position\":1,\"name\":\"Home\",\"item\":\"https:\/\/dev.mesrideaux.fr\/blog\/\"},{\"@type\":\"ListItem\",\"position\":2,\"name\":\"Contact\"}]},{\"@type\":\"WebSite\",\"@id\":\"https:\/\/dev.mesrideaux.fr\/blog\/#website\",\"url\":\"https:\/\/dev.mesrideaux.fr\/blog\/\",\"name\":\"Mes Rideaux Blog\",\"description\":\"Un site utilisant WordPress\",\"potentialAction\":[{\"@type\":\"SearchAction\",\"target\":{\"@type\":\"EntryPoint\",\"urlTemplate\":\"https:\/\/dev.mesrideaux.fr\/blog\/?s={search_term_string}\"},\"query-input\":{\"@type\":\"PropertyValueSpecification\",\"valueRequired\":true,\"valueName\":\"search_term_string\"}}],\"inLanguage\":\"fr-FR\"}]}<\/script>\n<!-- \/ Yoast SEO plugin. -->","yoast_head_json":{"title":"Contact - Mes Rideaux Blog","robots":{"index":"index","follow":"follow","max-snippet":"max-snippet:-1","max-image-preview":"max-image-preview:large","max-video-preview":"max-video-preview:-1"},"canonical":"https:\/\/dev.mesrideaux.fr\/blog\/contact\/","og_locale":"fr_FR","og_type":"article","og_title":"Contact - Mes Rideaux Blog","og_description":"Vous souhaitez des informations compl\u00e9mentaires sur un tissu, une confection ou tout simplement un conseil pour la prise de mesures ou le choix de la finition ? Posez nous vos questions Proximit\u00e9, \u00e9change, implication dans vos projets, assistance et conseils, sont nos valeurs et notre diff\u00e9rence.","og_url":"https:\/\/dev.mesrideaux.fr\/blog\/contact\/","og_site_name":"Mes Rideaux Blog","article_modified_time":"2020-11-04T16:28:30+00:00","og_image":[{"width":2560,"height":1695,"url":"https:\/\/dev.mesrideaux.fr\/blog\/wp-content\/uploads\/2020\/03\/Salon-large-scaled.jpg","type":"image\/jpeg"}],"twitter_card":"summary_large_image","schema":{"@context":"https:\/\/schema.org","@graph":[{"@type":"WebPage","@id":"https:\/\/dev.mesrideaux.fr\/blog\/contact\/","url":"https:\/\/dev.mesrideaux.fr\/blog\/contact\/","name":"Contact - Mes Rideaux Blog","isPartOf":{"@id":"https:\/\/dev.mesrideaux.fr\/blog\/#website"},"primaryImageOfPage":{"@id":"https:\/\/dev.mesrideaux.fr\/blog\/contact\/#primaryimage"},"image":{"@id":"https:\/\/dev.mesrideaux.fr\/blog\/contact\/#primaryimage"},"thumbnailUrl":"https:\/\/dev.mesrideaux.fr\/blog\/wp-content\/uploads\/2020\/03\/Salon-large-scaled.jpg","datePublished":"2018-08-24T15:26:58+00:00","dateModified":"2020-11-04T16:28:30+00:00","breadcrumb":{"@id":"https:\/\/dev.mesrideaux.fr\/blog\/contact\/#breadcrumb"},"inLanguage":"fr-FR","potentialAction":[{"@type":"ReadAction","target":["https:\/\/dev.mesrideaux.fr\/blog\/contact\/"]}]},{"@type":"ImageObject","inLanguage":"fr-FR","@id":"https:\/\/dev.mesrideaux.fr\/blog\/contact\/#primaryimage","url":"https:\/\/dev.mesrideaux.fr\/blog\/wp-content\/uploads\/2020\/03\/Salon-large-scaled.jpg","contentUrl":"https:\/\/dev.mesrideaux.fr\/blog\/wp-content\/uploads\/2020\/03\/Salon-large-scaled.jpg","width":2560,"height":1695,"caption":"Photo d'un chantier d\u00e9co MesRideaux.fr"},{"@type":"BreadcrumbList","@id":"https:\/\/dev.mesrideaux.fr\/blog\/contact\/#breadcrumb","itemListElement":[{"@type":"ListItem","position":1,"name":"Home","item":"https:\/\/dev.mesrideaux.fr\/blog\/"},{"@type":"ListItem","position":2,"name":"Contact"}]},{"@type":"WebSite","@id":"https:\/\/dev.mesrideaux.fr\/blog\/#website","url":"https:\/\/dev.mesrideaux.fr\/blog\/","name":"Mes Rideaux Blog","description":"Un site utilisant WordPress","potentialAction":[{"@type":"SearchAction","target":{"@type":"EntryPoint","urlTemplate":"https:\/\/dev.mesrideaux.fr\/blog\/?s={search_term_string}"},"query-input":{"@type":"PropertyValueSpecification","valueRequired":true,"valueName":"search_term_string"}}],"inLanguage":"fr-FR"}]}},"acf":[],"jetpack_sharing_enabled":true,"_links":{"self":[{"href":"https:\/\/dev.mesrideaux.fr\/blog\/wp-json\/wp\/v2\/pages\/148","targetHints":{"allow":["GET"]}}],"collection":[{"href":"https:\/\/dev.mesrideaux.fr\/blog\/wp-json\/wp\/v2\/pages"}],"about":[{"href":"https:\/\/dev.mesrideaux.fr\/blog\/wp-json\/wp\/v2\/types\/page"}],"author":[{"embeddable":true,"href":"https:\/\/dev.mesrideaux.fr\/blog\/wp-json\/wp\/v2\/users\/1"}],"replies":[{"embeddable":true,"href":"https:\/\/dev.mesrideaux.fr\/blog\/wp-json\/wp\/v2\/comments?post=148"}],"version-history":[{"count":3,"href":"https:\/\/dev.mesrideaux.fr\/blog\/wp-json\/wp\/v2\/pages\/148\/revisions"}],"predecessor-version":[{"id":4344,"href":"https:\/\/dev.mesrideaux.fr\/blog\/wp-json\/wp\/v2\/pages\/148\/revisions\/4344"}],"wp:featuredmedia":[{"embeddable":true,"href":"https:\/\/dev.mesrideaux.fr\/blog\/wp-json\/wp\/v2\/media\/3519"}],"wp:attachment":[{"href":"https:\/\/dev.mesrideaux.fr\/blog\/wp-json\/wp\/v2\/media?parent=148"}],"curies":[{"name":"wp","href":"https:\/\/api.w.org\/{rel}","templated":true}]}}