{"id":146,"date":"2018-08-24T15:26:28","date_gmt":"2018-08-24T13:26:28","guid":{"rendered":"https:\/\/demos.codetipi.com\/zeen-art\/?page_id=146"},"modified":"2020-11-04T17:23:58","modified_gmt":"2020-11-04T16:23:58","slug":"a-propos","status":"publish","type":"page","link":"https:\/\/dev.mesrideaux.fr\/blog\/a-propos\/","title":{"rendered":"A propos"},"content":{"rendered":"<p>Parce que vous aimez la d\u00e9co, parce que vous vous int\u00e9ressez aux tendances, parce que vous aimez glaner de bonnes et belles id\u00e9es, parce que vous \u00eates en recherche d\u2019un conseil ou d\u2019une solution\u2026 ou peut-\u00eatre parce que vous nous connaissez d\u00e9j\u00e0 et que vous nous appr\u00e9ciez\u2026<\/p>\n<p>Vous voici ICI, avec NOUS, sur les pages de notre magasine virtuel.<\/p>\n<p>Mais \u00ab&nbsp;nous&nbsp;\u00bb c\u2019est qui&nbsp;? Ce blog est celui de <a href=\"https:\/\/www.mesrideaux.fr\" target=\"_blank\" rel=\"noopener noreferrer\">MesRideaux.fr<\/a>, <strong>confectionneur en ligne de produits textiles sur mesure pour les int\u00e9rieurs<\/strong>&nbsp;<strong>: rideaux, stores, coussins<\/strong>, jet\u00e9s de lits (ou \u00e9charpes de lits)\u2026<\/p>\n<p>A l\u2019\u00e9coute de nos clients, nous prenons aussi en charge des produits qui ne sont pas pr\u00e9sent\u00e9s sur le site, mais que nous sommes capables de r\u00e9aliser, le plus souvent sur la base d\u2019un croquis basique et de quelques dimensions&nbsp;! Par exemple, nous r\u00e9alisons des banquettes d\u2019entr\u00e9es sur mesure, int\u00e9gr\u00e9es \u00e0 l\u2019am\u00e9nagement pr\u00e9vu par les architectes d\u2019int\u00e9rieurs. Ou encore des rideaux pour fen\u00eatre triangulaire sous les combles, du mobilier recouvert de tissu comme les bancs coffres\u2026<\/p>\n<p><strong>Tout part du tissu<\/strong>&nbsp;: nous proposons &nbsp;sur le site MesRideaux.fr des centaines de tissus d\u2019ameublement en ligne, vous choisissez votre pr\u00e9f\u00e9r\u00e9, nous r\u00e9alisons le produit de d\u00e9coration sur mesure qu\u2019il vous faut dans ce tissu. Il est possible de recevoir des \u00e9chantillons. Nous discutons volontiers avec vous de vos id\u00e9es ou de vos doutes.<\/p>\n<p>Nous collaborons avec des <strong>ateliers de confection fran\u00e7ais<\/strong>, o\u00f9 \u0153uvrent des couturi\u00e8res exp\u00e9riment\u00e9es, soucieuses du d\u00e9tail et partageant notre ambition de l\u2019excellence. La communication permanente avec les ateliers garantit une r\u00e9alisation conforme \u00e0 l\u2019attente.<\/p>\n<p>Les commandes finalis\u00e9es sont livr\u00e9es \u00e0 domicile.<\/p>\n<p>Particuliers, mais aussi d\u00e9corateurs et architectes font confiance \u00e0 MesRideaux.fr&nbsp;: <strong>les services d\u2019un artisan tapissier, en ligne, \u00e0 prix accessible<\/strong>.<\/p>\n<p>Bonne lecture de nos articles, et bonne visite de <a href=\"https:\/\/www.mesrideaux.fr\" target=\"_blank\" rel=\"noopener noreferrer\">notre site<\/a>.<\/p>\n","protected":false},"excerpt":{"rendered":"<p>Parce que vous aimez la d\u00e9co, parce que vous vous int\u00e9ressez aux tendances, parce que vous aimez glaner de bonnes et belles id\u00e9es, parce que vous \u00eates en recherche d\u2019un conseil ou d\u2019une solution\u2026 ou peut-\u00eatre parce que vous nous connaissez d\u00e9j\u00e0 et que vous nous appr\u00e9ciez\u2026 Vous voici ICI, avec NOUS, sur les pages de notre magasine virtuel. Mais \u00ab&nbsp;nous&nbsp;\u00bb c\u2019est qui&nbsp;? Ce blog est celui de MesRideaux.fr, confectionneur en ligne de produits textiles sur mesure pour les int\u00e9rieurs&nbsp;: [&hellip;]<\/p>\n","protected":false},"author":1,"featured_media":3308,"parent":0,"menu_order":0,"comment_status":"closed","ping_status":"closed","template":"","meta":{"_acf_changed":false,"inline_featured_image":false,"footnotes":""},"class_list":["post-146","page","type-page","status-publish","has-post-thumbnail","hentry"],"yoast_head":"<!-- This site is optimized with the Yoast SEO plugin v26.1.1 - https:\/\/yoast.com\/wordpress\/plugins\/seo\/ -->\n<title>A propos - Mes Rideaux Blog<\/title>\n<meta name=\"robots\" content=\"index, follow, max-snippet:-1, max-image-preview:large, max-video-preview:-1\" \/>\n<link rel=\"canonical\" href=\"https:\/\/dev.mesrideaux.fr\/blog\/a-propos\/\" \/>\n<meta property=\"og:locale\" content=\"fr_FR\" \/>\n<meta property=\"og:type\" content=\"article\" \/>\n<meta property=\"og:title\" content=\"A propos - Mes Rideaux Blog\" \/>\n<meta property=\"og:description\" content=\"Parce que vous aimez la d\u00e9co, parce que vous vous int\u00e9ressez aux tendances, parce que vous aimez glaner de bonnes et belles id\u00e9es, parce que vous \u00eates en recherche d\u2019un conseil ou d\u2019une solution\u2026 ou peut-\u00eatre parce que vous nous connaissez d\u00e9j\u00e0 et que vous nous appr\u00e9ciez\u2026 Vous voici ICI, avec NOUS, sur les pages de notre magasine virtuel. Mais \u00ab&nbsp;nous&nbsp;\u00bb c\u2019est qui&nbsp;? Ce blog est celui de MesRideaux.fr, confectionneur en ligne de produits textiles sur mesure pour les int\u00e9rieurs&nbsp;: [&hellip;]\" \/>\n<meta property=\"og:url\" content=\"https:\/\/dev.mesrideaux.fr\/blog\/a-propos\/\" \/>\n<meta property=\"og:site_name\" content=\"Mes Rideaux Blog\" \/>\n<meta property=\"article:modified_time\" content=\"2020-11-04T16:23:58+00:00\" \/>\n<meta property=\"og:image\" content=\"https:\/\/dev.mesrideaux.fr\/blog\/wp-content\/uploads\/2020\/01\/couturiere.jpg\" \/>\n\t<meta property=\"og:image:width\" content=\"480\" \/>\n\t<meta property=\"og:image:height\" content=\"605\" \/>\n\t<meta property=\"og:image:type\" content=\"image\/jpeg\" \/>\n<meta name=\"twitter:card\" content=\"summary_large_image\" \/>\n<meta name=\"twitter:label1\" content=\"Est. reading time\" \/>\n\t<meta name=\"twitter:data1\" content=\"2 minutes\" \/>\n<script type=\"application\/ld+json\" class=\"yoast-schema-graph\">{\"@context\":\"https:\/\/schema.org\",\"@graph\":[{\"@type\":\"WebPage\",\"@id\":\"https:\/\/dev.mesrideaux.fr\/blog\/a-propos\/\",\"url\":\"https:\/\/dev.mesrideaux.fr\/blog\/a-propos\/\",\"name\":\"A propos - Mes Rideaux Blog\",\"isPartOf\":{\"@id\":\"https:\/\/dev.mesrideaux.fr\/blog\/#website\"},\"primaryImageOfPage\":{\"@id\":\"https:\/\/dev.mesrideaux.fr\/blog\/a-propos\/#primaryimage\"},\"image\":{\"@id\":\"https:\/\/dev.mesrideaux.fr\/blog\/a-propos\/#primaryimage\"},\"thumbnailUrl\":\"https:\/\/dev.mesrideaux.fr\/blog\/wp-content\/uploads\/2020\/01\/couturiere.jpg\",\"datePublished\":\"2018-08-24T13:26:28+00:00\",\"dateModified\":\"2020-11-04T16:23:58+00:00\",\"breadcrumb\":{\"@id\":\"https:\/\/dev.mesrideaux.fr\/blog\/a-propos\/#breadcrumb\"},\"inLanguage\":\"fr-FR\",\"potentialAction\":[{\"@type\":\"ReadAction\",\"target\":[\"https:\/\/dev.mesrideaux.fr\/blog\/a-propos\/\"]}]},{\"@type\":\"ImageObject\",\"inLanguage\":\"fr-FR\",\"@id\":\"https:\/\/dev.mesrideaux.fr\/blog\/a-propos\/#primaryimage\",\"url\":\"https:\/\/dev.mesrideaux.fr\/blog\/wp-content\/uploads\/2020\/01\/couturiere.jpg\",\"contentUrl\":\"https:\/\/dev.mesrideaux.fr\/blog\/wp-content\/uploads\/2020\/01\/couturiere.jpg\",\"width\":480,\"height\":605,\"caption\":\"couturi\u00e8re atelier MesRideaux.fr\"},{\"@type\":\"BreadcrumbList\",\"@id\":\"https:\/\/dev.mesrideaux.fr\/blog\/a-propos\/#breadcrumb\",\"itemListElement\":[{\"@type\":\"ListItem\",\"position\":1,\"name\":\"Home\",\"item\":\"https:\/\/dev.mesrideaux.fr\/blog\/\"},{\"@type\":\"ListItem\",\"position\":2,\"name\":\"A propos\"}]},{\"@type\":\"WebSite\",\"@id\":\"https:\/\/dev.mesrideaux.fr\/blog\/#website\",\"url\":\"https:\/\/dev.mesrideaux.fr\/blog\/\",\"name\":\"Mes Rideaux Blog\",\"description\":\"Un site utilisant WordPress\",\"potentialAction\":[{\"@type\":\"SearchAction\",\"target\":{\"@type\":\"EntryPoint\",\"urlTemplate\":\"https:\/\/dev.mesrideaux.fr\/blog\/?s={search_term_string}\"},\"query-input\":{\"@type\":\"PropertyValueSpecification\",\"valueRequired\":true,\"valueName\":\"search_term_string\"}}],\"inLanguage\":\"fr-FR\"}]}<\/script>\n<!-- \/ Yoast SEO plugin. -->","yoast_head_json":{"title":"A propos - Mes Rideaux Blog","robots":{"index":"index","follow":"follow","max-snippet":"max-snippet:-1","max-image-preview":"max-image-preview:large","max-video-preview":"max-video-preview:-1"},"canonical":"https:\/\/dev.mesrideaux.fr\/blog\/a-propos\/","og_locale":"fr_FR","og_type":"article","og_title":"A propos - Mes Rideaux Blog","og_description":"Parce que vous aimez la d\u00e9co, parce que vous vous int\u00e9ressez aux tendances, parce que vous aimez glaner de bonnes et belles id\u00e9es, parce que vous \u00eates en recherche d\u2019un conseil ou d\u2019une solution\u2026 ou peut-\u00eatre parce que vous nous connaissez d\u00e9j\u00e0 et que vous nous appr\u00e9ciez\u2026 Vous voici ICI, avec NOUS, sur les pages de notre magasine virtuel. Mais \u00ab&nbsp;nous&nbsp;\u00bb c\u2019est qui&nbsp;? Ce blog est celui de MesRideaux.fr, confectionneur en ligne de produits textiles sur mesure pour les int\u00e9rieurs&nbsp;: [&hellip;]","og_url":"https:\/\/dev.mesrideaux.fr\/blog\/a-propos\/","og_site_name":"Mes Rideaux Blog","article_modified_time":"2020-11-04T16:23:58+00:00","og_image":[{"width":480,"height":605,"url":"https:\/\/dev.mesrideaux.fr\/blog\/wp-content\/uploads\/2020\/01\/couturiere.jpg","type":"image\/jpeg"}],"twitter_card":"summary_large_image","twitter_misc":{"Est. reading time":"2 minutes"},"schema":{"@context":"https:\/\/schema.org","@graph":[{"@type":"WebPage","@id":"https:\/\/dev.mesrideaux.fr\/blog\/a-propos\/","url":"https:\/\/dev.mesrideaux.fr\/blog\/a-propos\/","name":"A propos - Mes Rideaux Blog","isPartOf":{"@id":"https:\/\/dev.mesrideaux.fr\/blog\/#website"},"primaryImageOfPage":{"@id":"https:\/\/dev.mesrideaux.fr\/blog\/a-propos\/#primaryimage"},"image":{"@id":"https:\/\/dev.mesrideaux.fr\/blog\/a-propos\/#primaryimage"},"thumbnailUrl":"https:\/\/dev.mesrideaux.fr\/blog\/wp-content\/uploads\/2020\/01\/couturiere.jpg","datePublished":"2018-08-24T13:26:28+00:00","dateModified":"2020-11-04T16:23:58+00:00","breadcrumb":{"@id":"https:\/\/dev.mesrideaux.fr\/blog\/a-propos\/#breadcrumb"},"inLanguage":"fr-FR","potentialAction":[{"@type":"ReadAction","target":["https:\/\/dev.mesrideaux.fr\/blog\/a-propos\/"]}]},{"@type":"ImageObject","inLanguage":"fr-FR","@id":"https:\/\/dev.mesrideaux.fr\/blog\/a-propos\/#primaryimage","url":"https:\/\/dev.mesrideaux.fr\/blog\/wp-content\/uploads\/2020\/01\/couturiere.jpg","contentUrl":"https:\/\/dev.mesrideaux.fr\/blog\/wp-content\/uploads\/2020\/01\/couturiere.jpg","width":480,"height":605,"caption":"couturi\u00e8re atelier MesRideaux.fr"},{"@type":"BreadcrumbList","@id":"https:\/\/dev.mesrideaux.fr\/blog\/a-propos\/#breadcrumb","itemListElement":[{"@type":"ListItem","position":1,"name":"Home","item":"https:\/\/dev.mesrideaux.fr\/blog\/"},{"@type":"ListItem","position":2,"name":"A propos"}]},{"@type":"WebSite","@id":"https:\/\/dev.mesrideaux.fr\/blog\/#website","url":"https:\/\/dev.mesrideaux.fr\/blog\/","name":"Mes Rideaux Blog","description":"Un site utilisant WordPress","potentialAction":[{"@type":"SearchAction","target":{"@type":"EntryPoint","urlTemplate":"https:\/\/dev.mesrideaux.fr\/blog\/?s={search_term_string}"},"query-input":{"@type":"PropertyValueSpecification","valueRequired":true,"valueName":"search_term_string"}}],"inLanguage":"fr-FR"}]}},"acf":[],"jetpack_sharing_enabled":true,"_links":{"self":[{"href":"https:\/\/dev.mesrideaux.fr\/blog\/wp-json\/wp\/v2\/pages\/146","targetHints":{"allow":["GET"]}}],"collection":[{"href":"https:\/\/dev.mesrideaux.fr\/blog\/wp-json\/wp\/v2\/pages"}],"about":[{"href":"https:\/\/dev.mesrideaux.fr\/blog\/wp-json\/wp\/v2\/types\/page"}],"author":[{"embeddable":true,"href":"https:\/\/dev.mesrideaux.fr\/blog\/wp-json\/wp\/v2\/users\/1"}],"replies":[{"embeddable":true,"href":"https:\/\/dev.mesrideaux.fr\/blog\/wp-json\/wp\/v2\/comments?post=146"}],"version-history":[{"count":3,"href":"https:\/\/dev.mesrideaux.fr\/blog\/wp-json\/wp\/v2\/pages\/146\/revisions"}],"predecessor-version":[{"id":4382,"href":"https:\/\/dev.mesrideaux.fr\/blog\/wp-json\/wp\/v2\/pages\/146\/revisions\/4382"}],"wp:featuredmedia":[{"embeddable":true,"href":"https:\/\/dev.mesrideaux.fr\/blog\/wp-json\/wp\/v2\/media\/3308"}],"wp:attachment":[{"href":"https:\/\/dev.mesrideaux.fr\/blog\/wp-json\/wp\/v2\/media?parent=146"}],"curies":[{"name":"wp","href":"https:\/\/api.w.org\/{rel}","templated":true}]}}